{"id":237,"date":"2024-07-11T10:07:58","date_gmt":"2024-07-11T08:07:58","guid":{"rendered":"https:\/\/dev.it-concepts.bertastrasse1.ch\/startseite\/"},"modified":"2025-02-06T17:16:19","modified_gmt":"2025-02-06T16:16:19","slug":"startseite","status":"publish","type":"page","link":"https:\/\/dev.it-concepts.bertastrasse1.ch\/fr\/","title":{"rendered":"Transformation und Automatisierung in Perfektion."},"content":{"rendered":"\n    <section class=\"page-block-block block-with-top-bottom-margins\" id=\"\">\n        <div class=\"cols-block  \">\n            <div class=\"col-l\">\n                <div class=\"title-block title-block-untertitel-desk\">\n                        <p class=\"subtitle\">\u00dcber uns<\/p>\n\n    <h2 class=\"like-h1\">Erstklassige L\u00f6sungen im  Bereich Service Management und Prozessdigitalisierung <\/h2>\n\n    <div class=\"text-block-simple\"><p>Wir sind Ihre Ansprechpartnerin Nummer 1 in der Schweiz und in Deutschland f\u00fcr massgeschneiderte Anpassungen von bestehenden IT-Softwares. Mit Sitz in Rotkreuz im Kanton Zug als inhabergef\u00fchrtes Unternehmen zeichnen wir uns durch die N\u00e4he zu unserer Kundschaft aus. Dadurch verstehen wir Ihre Anforderungen und bieten individuelle L\u00f6sungen, die perfekt auf Ihre Unternehmensprozesse zugeschnitten sind.<\/p>\n<\/div>\n                <\/div>\n\n                                    <div class=\"links-wrapper\">\n                                                                                    <a href=\"#\" class=\"primary-button-bg open-contact-overlay\" >Kontaktieren Sie uns jetzt<\/a>\n                                                                                                                <a href=\"https:\/\/dev.it-concepts.bertastrasse1.ch\/about-us\/#team\" class=\"primary-button-border \" >Zum Team<\/a>\n                                                                        <\/div>\n                            <\/div>\n\n            <div class=\"col-r\">\n                <div class=\"title-block title-block-untertitel-mob\">\n                        <p class=\"subtitle\">\u00dcber uns<\/p>\n\n\n                <\/div>\n\n                                    <img decoding=\"async\" src=\"https:\/\/dev.it-concepts.bertastrasse1.ch\/wp-content\/uploads\/2024\/07\/Union-3-783x800.png\" class=\"\" alt=\"Erstklassige L\u00f6sungen im  Bereich Service Management und Prozessdigitalisierung \" \/>\n                            <\/div>\n        <\/div>\n    <\/section>\n\n\n\n\n            <section class=\"numbers-in-red-bg-block\" id=\"\">\n            <div class=\"title-wrapper\">\n                                    <p class=\"subtitle text-white\">Fakten, die \u00fcberzeugen<\/p>\n                \n                                    <h2 class=\"like-h1 text-white mb_0\">Lernen Sie ITConcepts kennen<\/h2>\n                    <div class=\"title-divider\"><\/div>\n                \n                                    <div class=\"text-block-simple text-block-white\">\n                        <p>\n                            Wir glauben, dass Transparenz und Vertrauen der Schl\u00fcssel zu erfolgreichen Partnerschaften sind. Hier sind vier zentrale Fakten \u00fcber unsere Firma, die Ihnen zeigen, warum wir die richtige Wahl f\u00fcr Ihre Softwarebed\u00fcrfnisse sind. Vertrauen Sie auf unsere Expertise und unser Engagement f\u00fcr Ihren Erfolg!                        <\/p>\n                    <\/div>\n                            <\/div>\n\n            <div class=\"numbers-wrapper\">\n                                    <div class=\"number-block\">\n                                                    <div class=\"number-wrapper\">\n                                <p class=\"number text-white mb_0 scrollMagic-number odometerCounter\" id=\"odometerCounter-0\" data-uid=\"69ddd1144691d\" data-from=\"000000\" data-to=\"50\" data-duration=\"3\" data-type=\"\" data-delay=\"0.25\">50<\/p>\n                                <p class=\"number-sign text-white mb_0\"><\/p>\n                            <\/div>\n                        \n                                                    <h3 class=\"medium-big text-white\">Mitarbeitende<\/h3>\n                            <p class=\" text-white mb_0\">Mit 50 qualifizierten Mitarbeitenden in der Schweiz bieten wir umfassende Erfahrung in Softwarel\u00f6sungen f\u00fcr diverse Branchen.<\/p>\n                                            <\/div>\n                                    <div class=\"number-block\">\n                                                    <div class=\"number-wrapper\">\n                                <p class=\"number text-white mb_0 scrollMagic-number odometerCounter\" id=\"odometerCounter-1\" data-uid=\"69ddd11446920\" data-from=\"000000\" data-to=\"25\" data-duration=\"3\" data-type=\"\" data-delay=\"0.25\">25<\/p>\n                                <p class=\"number-sign text-white mb_0\"><\/p>\n                            <\/div>\n                        \n                                                    <h3 class=\"medium-big text-white\">Jahre t\u00e4tig<\/h3>\n                            <p class=\" text-white mb_0\">ITConcepts GmbH \u2013 seit 25 Jahren Ihr erfahrener Software-Reseller und Integrator in der Schweiz.<\/p>\n                                            <\/div>\n                                    <div class=\"number-block\">\n                                                    <div class=\"number-wrapper\">\n                                <p class=\"number text-white mb_0 scrollMagic-number odometerCounter\" id=\"odometerCounter-2\" data-uid=\"69ddd11446922\" data-from=\"000000\" data-to=\"100\" data-duration=\"3\" data-type=\"\" data-delay=\"0.25\">100<\/p>\n                                <p class=\"number-sign text-white mb_0\"><\/p>\n                            <\/div>\n                        \n                                                    <h3 class=\"medium-big text-white\">zufriedene Kunden<\/h3>\n                            <p class=\" text-white mb_0\">\u00dcber 100 zufriedene Kunden vertrauen auf unsere massgeschneiderten L\u00f6sungen und partnerschaftliche Zusammenarbeit.<\/p>\n                                            <\/div>\n                            <\/div>\n\n            <div class=\"numbers-sertificate-wrapper\">\n                <div class=\"numbers-sertificate-icon\">\n                                            <img decoding=\"async\" src=\"https:\/\/dev.it-concepts.bertastrasse1.ch\/wp-content\/uploads\/2025\/01\/sertificate.svg\" alt=\"sertificate\" \/>\n                                    <\/div>\n                <div class=\"numbers-sertificate-text\">\n                                            <h3 class=\"medium-big text-white\">Top zertifiziert<\/h3>\n                    \n                                            <p class=\"text-white mb_0\">Top-zertifiziert und immer am Puls der Zeit \u2013 f\u00fcr h\u00f6chste Qualit\u00e4tsstandards und modernste L\u00f6sungen.<\/p>\n                                    <\/div>\n\n                                    <div class=\"numbers-sertificate-logos\">\n                                                                                    <div>\n                                                                            <img decoding=\"async\" src=\"https:\/\/dev.it-concepts.bertastrasse1.ch\/wp-content\/uploads\/2025\/01\/bmc-partner-badge-for-light-backgrounds-png-file-768x1180.7723342939-c-default.png\" alt=\"bmc-partner-badge-for-light-backgrounds-png-file-768x1180.7723342939-c-default\" \/>\n                                                                    <\/div>\n                                                                                                                <div>\n                                                                            <img decoding=\"async\" src=\"https:\/\/dev.it-concepts.bertastrasse1.ch\/wp-content\/uploads\/2025\/01\/bmc__partnerbadge_saleselitepartner_darkbg-768x768-c-default.png\" alt=\"bmc__partnerbadge_saleselitepartner_darkbg-768x768-c-default\" \/>\n                                                                    <\/div>\n                                                                                                                <div>\n                                                                            <img decoding=\"async\" src=\"https:\/\/dev.it-concepts.bertastrasse1.ch\/wp-content\/uploads\/2025\/01\/Xurrent-Badge-1.png\" alt=\"Xurrent-Badge-1\" \/>\n                                                                    <\/div>\n                                                                        <\/div>\n                            <\/div>\n        <\/section>\n    \n\n\n\n    <section class=\"services-slider-block with-grey-bg\" id=\"\">\n        <div class=\"cols-block\">\n            <div class=\"col-l\">\n                <div class=\"title-block title-block-untertitel-desk\">\n                        <p class=\"subtitle\">Services<\/p>\n\n    <h2 class=\"like-h1\">IT-Software-L\u00f6sungen sind unser Business, Service unsere Philosophie<\/h2>\n\n    <div class=\"text-block-simple\"><p>Wir machen Ihr Unternehmen durch Automatisierung produktiver und ebnen den Weg in die Zukunft. Sei dies im Bereich IT Service Management, IT Operation Management, Idendity Access Management oder Big Data Analytics. Wir sind ihr f\u00fchrender Partner!<\/p>\n<\/div>\n                <\/div>\n\n                                    <div class=\"links-wrapper\">\n                                                                                    <a href=\"https:\/\/dev.it-concepts.bertastrasse1.ch\/services\/\" class=\"primary-button-border \" >\u00dcbersicht Dienstleistungen<\/a>\n                                                                        <\/div>\n                            <\/div>\n\n            <div class=\"col-r\">\n                <div class=\"title-block title-block-untertitel-mob\">\n                        <p class=\"subtitle\">Services<\/p>\n\n\n                <\/div>\n\n                                    <img decoding=\"async\" src=\"https:\/\/dev.it-concepts.bertastrasse1.ch\/wp-content\/uploads\/2024\/07\/Group-2650.png\" class=\"\" alt=\"IT-Software-L\u00f6sungen sind unser Business, Service unsere Philosophie\" \/>\n                            <\/div>\n        <\/div>\n\n                    <div class=\"services-slider-divider\"><\/div>\n        \n            <\/section>\n\n\n\n\n\n    <section class=\"links-cards-block with-grey-bg\" id=\"\">\n        <img decoding=\"async\" src=\"https:\/\/dev.it-concepts.bertastrasse1.ch\/wp-content\/themes\/it_concepts\/assets\/images\/links_cards_lines_right.svg\" class=\"block-lines-right \" alt=\"Block Lines\" \/>\n\n        <div class=\"title-block title-block-narrow\">\n            \n\n        <\/div>\n\n            <\/section>\n\n\n\n\n\n\n            <section class=\"logos-slider-block  block-with-top-bottom-margins\" id=\"\">\n            <div class=\"title-block text-center\">\n                    <p class=\"subtitle\">Unsere Kunden<\/p>\n\n\n            <\/div>\n\n            <div class=\"logos-slider\">\n                                    <div class=\"logos-slide\">\n                        <div class=\"logos-slide-inner-container\">\n                                                            <a href=\"https:\/\/google.com\" target=\"_blank\" class=\"logo\" style=\"background-image: url('https:\/\/dev.it-concepts.bertastrasse1.ch\/wp-content\/uploads\/2024\/07\/kunde_01.png')\"><\/a>\n                                                    <\/div>\n                    <\/div>\n                                    <div class=\"logos-slide\">\n                        <div class=\"logos-slide-inner-container\">\n                                                            <a href=\"https:\/\/google.com\" target=\"_blank\" class=\"logo\" style=\"background-image: url('https:\/\/dev.it-concepts.bertastrasse1.ch\/wp-content\/uploads\/2024\/07\/kunde_02.png')\"><\/a>\n                                                    <\/div>\n                    <\/div>\n                                    <div class=\"logos-slide\">\n                        <div class=\"logos-slide-inner-container\">\n                                                            <div class=\"logo\" style=\"background-image: url('https:\/\/dev.it-concepts.bertastrasse1.ch\/wp-content\/uploads\/2024\/07\/kunde_03.png')\"><\/div>\n                                                    <\/div>\n                    <\/div>\n                                    <div class=\"logos-slide\">\n                        <div class=\"logos-slide-inner-container\">\n                                                            <a href=\"https:\/\/google.com\" target=\"_blank\" class=\"logo\" style=\"background-image: url('https:\/\/dev.it-concepts.bertastrasse1.ch\/wp-content\/uploads\/2024\/07\/kunde_04.png')\"><\/a>\n                                                    <\/div>\n                    <\/div>\n                                    <div class=\"logos-slide\">\n                        <div class=\"logos-slide-inner-container\">\n                                                            <a href=\"https:\/\/google.com\" target=\"_blank\" class=\"logo\" style=\"background-image: url('https:\/\/dev.it-concepts.bertastrasse1.ch\/wp-content\/uploads\/2024\/07\/kunde_05.png')\"><\/a>\n                                                    <\/div>\n                    <\/div>\n                                    <div class=\"logos-slide\">\n                        <div class=\"logos-slide-inner-container\">\n                                                            <a href=\"https:\/\/google.com\" target=\"_blank\" class=\"logo\" style=\"background-image: url('https:\/\/dev.it-concepts.bertastrasse1.ch\/wp-content\/uploads\/2024\/07\/kunde_05.png')\"><\/a>\n                                                    <\/div>\n                    <\/div>\n                                    <div class=\"logos-slide\">\n                        <div class=\"logos-slide-inner-container\">\n                                                            <a href=\"https:\/\/google.com\" target=\"_blank\" class=\"logo\" style=\"background-image: url('https:\/\/dev.it-concepts.bertastrasse1.ch\/wp-content\/uploads\/2024\/07\/kunde_05.png')\"><\/a>\n                                                    <\/div>\n                    <\/div>\n                                    <div class=\"logos-slide\">\n                        <div class=\"logos-slide-inner-container\">\n                                                            <a href=\"https:\/\/google.com\" target=\"_blank\" class=\"logo\" style=\"background-image: url('https:\/\/dev.it-concepts.bertastrasse1.ch\/wp-content\/uploads\/2024\/07\/kunde_05.png')\"><\/a>\n                                                    <\/div>\n                    <\/div>\n                            <\/div>\n        <\/section>\n    \n\n\n\n\n    <section class=\"events-slider-block with-grey-bg\" id=\"\">\n        <img decoding=\"async\" src=\"https:\/\/dev.it-concepts.bertastrasse1.ch\/wp-content\/themes\/it_concepts\/assets\/images\/slider_lines_left.svg\" class=\"block-lines-left\" alt=\"Block Lines\" \/>\n        <img decoding=\"async\" src=\"https:\/\/dev.it-concepts.bertastrasse1.ch\/wp-content\/themes\/it_concepts\/assets\/images\/slider_lines_right.svg\" class=\"block-lines-right\" alt=\"Block Lines\" \/>\n\n        <div class=\"title-block text-center title-block-narrow\">\n                <p class=\"subtitle\">Events<\/p>\n\n    <h2 class=\"like-h1\">Unsere Veranstaltungen in Ihrer N\u00e4he<\/h2>\n\n    <div class=\"text-block-simple\"><p>Gerne lernen wir Sie pers\u00f6nlich an unseren Events in Zusammenarbeit mit unseren Software-Partnern kennen.<\/p>\n<\/div>\n        <\/div>\n\n                    <div class=\"custom-part-narrow text-center\">\n                                <p>Keine kommenden Veranstaltungen<\/p>\n            <\/div>\n        \n            <\/section>\n\n\n\n\n\n            <section class=\"logos-slider-block  block-with-top-bottom-margins\" id=\"\">\n            <div class=\"title-block text-center\">\n                    <p class=\"subtitle\">Partnerschaften<\/p>\n\n\n            <\/div>\n\n            <div class=\"logos-slider\">\n                                    <div class=\"logos-slide\">\n                        <div class=\"logos-slide-inner-container\">\n                                                            <a href=\"https:\/\/google.com\" target=\"_blank\" class=\"logo\" style=\"background-image: url('https:\/\/dev.it-concepts.bertastrasse1.ch\/wp-content\/uploads\/2024\/07\/partner_01.png')\"><\/a>\n                                                    <\/div>\n                    <\/div>\n                                    <div class=\"logos-slide\">\n                        <div class=\"logos-slide-inner-container\">\n                                                            <a href=\"https:\/\/google.com\" target=\"_blank\" class=\"logo\" style=\"background-image: url('https:\/\/dev.it-concepts.bertastrasse1.ch\/wp-content\/uploads\/2024\/07\/partner_02.png')\"><\/a>\n                                                    <\/div>\n                    <\/div>\n                                    <div class=\"logos-slide\">\n                        <div class=\"logos-slide-inner-container\">\n                                                            <a href=\"https:\/\/google.com\" target=\"_blank\" class=\"logo\" style=\"background-image: url('https:\/\/dev.it-concepts.bertastrasse1.ch\/wp-content\/uploads\/2024\/07\/partner_03.png')\"><\/a>\n                                                    <\/div>\n                    <\/div>\n                                    <div class=\"logos-slide\">\n                        <div class=\"logos-slide-inner-container\">\n                                                            <a href=\"https:\/\/google.com\" target=\"_blank\" class=\"logo\" style=\"background-image: url('https:\/\/dev.it-concepts.bertastrasse1.ch\/wp-content\/uploads\/2024\/07\/partner_02.png')\"><\/a>\n                                                    <\/div>\n                    <\/div>\n                                    <div class=\"logos-slide\">\n                        <div class=\"logos-slide-inner-container\">\n                                                            <a href=\"https:\/\/google.com\" target=\"_blank\" class=\"logo\" style=\"background-image: url('https:\/\/dev.it-concepts.bertastrasse1.ch\/wp-content\/uploads\/2024\/07\/partner_03.png')\"><\/a>\n                                                    <\/div>\n                    <\/div>\n                            <\/div>\n        <\/section>\n    \n\n\n\n\n    <section class=\"search-block\" id=\"\">\n        <img decoding=\"async\" src=\"https:\/\/dev.it-concepts.bertastrasse1.ch\/wp-content\/themes\/it_concepts\/assets\/images\/search_lines_left.svg\" class=\"block-lines-left\" alt=\"Search Lines\" \/>\n\n        <div class=\"search-bg\" style=\"background-image: url('https:\/\/dev.it-concepts.bertastrasse1.ch\/wp-content\/uploads\/2024\/07\/AdobeStock_163119186_Preview-1200x677.png')\"><\/div>\n\n        <div class=\"search-content\">\n                            <h2 class=\"like-h1 text-white text-center mb_0\">Suche<\/h2>\n                <div class=\"title-divider\"><\/div>\n            \n            \n<div class=\"search-input-wrapper\" data-searchlink=\"https:\/\/dev.it-concepts.bertastrasse1.ch\/fr\/\/?s\">\n    <input value=\"\" placeholder=\"Ihr Text\" \/>\n    <button><i class=\"fa-solid fa-magnifying-glass\"><\/i><\/button>\n<\/div>\n\n        <\/div>\n    <\/section>\n\n\n\n\n\n\n    \n\n","protected":false},"excerpt":{"rendered":"","protected":false},"author":1,"featured_media":1811,"parent":0,"menu_order":2,"comment_status":"closed","ping_status":"closed","template":"","meta":{"_acf_changed":false,"inline_featured_image":false,"footnotes":""},"class_list":["post-237","page","type-page","status-publish","has-post-thumbnail","hentry"],"acf":[],"_links":{"self":[{"href":"https:\/\/dev.it-concepts.bertastrasse1.ch\/fr\/wp-json\/wp\/v2\/pages\/237"}],"collection":[{"href":"https:\/\/dev.it-concepts.bertastrasse1.ch\/fr\/wp-json\/wp\/v2\/pages"}],"about":[{"href":"https:\/\/dev.it-concepts.bertastrasse1.ch\/fr\/wp-json\/wp\/v2\/types\/page"}],"author":[{"embeddable":true,"href":"https:\/\/dev.it-concepts.bertastrasse1.ch\/fr\/wp-json\/wp\/v2\/users\/1"}],"replies":[{"embeddable":true,"href":"https:\/\/dev.it-concepts.bertastrasse1.ch\/fr\/wp-json\/wp\/v2\/comments?post=237"}],"version-history":[{"count":44,"href":"https:\/\/dev.it-concepts.bertastrasse1.ch\/fr\/wp-json\/wp\/v2\/pages\/237\/revisions"}],"predecessor-version":[{"id":1679,"href":"https:\/\/dev.it-concepts.bertastrasse1.ch\/fr\/wp-json\/wp\/v2\/pages\/237\/revisions\/1679"}],"wp:featuredmedia":[{"embeddable":true,"href":"https:\/\/dev.it-concepts.bertastrasse1.ch\/fr\/wp-json\/wp\/v2\/media\/1811"}],"wp:attachment":[{"href":"https:\/\/dev.it-concepts.bertastrasse1.ch\/fr\/wp-json\/wp\/v2\/media?parent=237"}],"curies":[{"name":"wp","href":"https:\/\/api.w.org\/{rel}","templated":true}]}}